{"id":18,"date":"2026-01-18T12:03:02","date_gmt":"2026-01-18T12:03:02","guid":{"rendered":"https:\/\/erturklerkontor.xyz\/?page_id=18"},"modified":"2026-01-18T12:05:41","modified_gmt":"2026-01-18T12:05:41","slug":"iletisim","status":"publish","type":"page","link":"https:\/\/erturklerkontor.xyz\/?page_id=18","title":{"rendered":"\u0130leti\u015fim"},"content":{"rendered":"\n<p><strong>\u0130leti\u015fim<\/strong><br>Cezaevi kont\u00f6r, dakika, PIN ve kart i\u015flemleri i\u00e7in bize ula\u015fabilirsiniz.<br>\ud83d\udcde <strong>0535 668 74 22<\/strong><br>WhatsApp \u00fczerinden h\u0131zl\u0131 ve g\u00fcvenli destek.<\/p>\n","protected":false},"excerpt":{"rendered":"<p>\u0130leti\u015fimCezaevi kont\u00f6r, dakika, PIN ve kart i\u015flemleri i\u00e7in bize ula\u015fabilirsiniz.\ud83d\udcde 0535 668 74 22WhatsApp \u00fczerinden h\u0131zl\u0131 ve g\u00fcvenli destek.<\/p>\n","protected":false},"author":1,"featured_media":0,"parent":0,"menu_order":0,"comment_status":"closed","ping_status":"closed","template":"","meta":{"footnotes":""},"class_list":["post-18","page","type-page","status-publish","hentry"],"_links":{"self":[{"href":"https:\/\/erturklerkontor.xyz\/index.php?rest_route=\/wp\/v2\/pages\/18","targetHints":{"allow":["GET"]}}],"collection":[{"href":"https:\/\/erturklerkontor.xyz\/index.php?rest_route=\/wp\/v2\/pages"}],"about":[{"href":"https:\/\/erturklerkontor.xyz\/index.php?rest_route=\/wp\/v2\/types\/page"}],"author":[{"embeddable":true,"href":"https:\/\/erturklerkontor.xyz\/index.php?rest_route=\/wp\/v2\/users\/1"}],"replies":[{"embeddable":true,"href":"https:\/\/erturklerkontor.xyz\/index.php?rest_route=%2Fwp%2Fv2%2Fcomments&post=18"}],"version-history":[{"count":2,"href":"https:\/\/erturklerkontor.xyz\/index.php?rest_route=\/wp\/v2\/pages\/18\/revisions"}],"predecessor-version":[{"id":48,"href":"https:\/\/erturklerkontor.xyz\/index.php?rest_route=\/wp\/v2\/pages\/18\/revisions\/48"}],"wp:attachment":[{"href":"https:\/\/erturklerkontor.xyz\/index.php?rest_route=%2Fwp%2Fv2%2Fmedia&parent=18"}],"curies":[{"name":"wp","href":"https:\/\/api.w.org\/{rel}","templated":true}]}}